{"id":574,"date":"2023-08-31T17:25:56","date_gmt":"2023-08-31T15:25:56","guid":{"rendered":"http:\/\/camillebaretge.com\/?page_id=574"},"modified":"2025-01-10T12:46:36","modified_gmt":"2025-01-10T11:46:36","slug":"api","status":"publish","type":"page","link":"https:\/\/camillebaretge.com\/index.php\/api\/","title":{"rendered":"Api"},"content":{"rendered":"\t\t<div data-elementor-type=\"wp-page\" data-elementor-id=\"574\" class=\"elementor elementor-574\" data-elementor-post-type=\"page\">\n\t\t\t\t<div class=\"elementor-element elementor-element-f62c91d elementor-hidden-mobile e-flex e-con-boxed e-con e-parent\" data-id=\"f62c91d\" data-element_type=\"container\" data-e-type=\"container\">\n\t\t\t\t\t<div class=\"e-con-inner\">\n\t\t<div class=\"elementor-element elementor-element-b138df0 e-con-full e-flex e-con e-child\" data-id=\"b138df0\" data-element_type=\"container\" data-e-type=\"container\">\n\t\t\t\t<div class=\"elementor-element elementor-element-8284b38 elementor-widget elementor-widget-heading\" data-id=\"8284b38\" data-element_type=\"widget\" data-e-type=\"widget\" data-widget_type=\"heading.default\">\n\t\t\t\t<div class=\"elementor-widget-container\">\n\t\t\t\t\t<h2 class=\"elementor-heading-title elementor-size-default\">secteur : alimentaire <br>\nmarque de miel <\/h2>\t\t\t\t<\/div>\n\t\t\t\t<\/div>\n\t\t\t\t<\/div>\n\t\t<div class=\"elementor-element elementor-element-76997e8 e-con-full e-flex e-con e-child\" data-id=\"76997e8\" data-element_type=\"container\" data-e-type=\"container\">\n\t\t\t\t<div class=\"elementor-element elementor-element-5064494 elementor-widget elementor-widget-image\" data-id=\"5064494\" data-element_type=\"widget\" data-e-type=\"widget\" data-widget_type=\"image.default\">\n\t\t\t\t<div class=\"elementor-widget-container\">\n\t\t\t\t\t\t\t\t\t\t\t\t\t\t\t<img decoding=\"async\" width=\"50\" height=\"50\" src=\"https:\/\/camillebaretge.com\/wp-content\/uploads\/2023\/08\/Rond.png\" class=\"attachment-large size-large wp-image-314\" alt=\"\" srcset=\"https:\/\/camillebaretge.com\/wp-content\/uploads\/2023\/08\/Rond.png 50w, https:\/\/camillebaretge.com\/wp-content\/uploads\/2023\/08\/elementor\/thumbs\/Rond-qbmginosbhdcu120p1dxt5ozxnpqsgm2mk90ckbr6e.png 15w\" sizes=\"(max-width: 50px) 100vw, 50px\" \/>\t\t\t\t\t\t\t\t\t\t\t\t\t\t\t<\/div>\n\t\t\t\t<\/div>\n\t\t\t\t<\/div>\n\t\t<div class=\"elementor-element elementor-element-35c5b22 e-con-full e-flex e-con e-child\" data-id=\"35c5b22\" data-element_type=\"container\" data-e-type=\"container\">\n\t\t\t\t<div class=\"elementor-element elementor-element-96f2fbe elementor-widget elementor-widget-heading\" data-id=\"96f2fbe\" data-element_type=\"widget\" data-e-type=\"widget\" data-widget_type=\"heading.default\">\n\t\t\t\t<div class=\"elementor-widget-container\">\n\t\t\t\t\t<h2 class=\"elementor-heading-title elementor-size-default\">api<\/h2>\t\t\t\t<\/div>\n\t\t\t\t<\/div>\n\t\t\t\t<\/div>\n\t\t<div class=\"elementor-element elementor-element-932efc6 e-con-full e-flex e-con e-child\" data-id=\"932efc6\" data-element_type=\"container\" data-e-type=\"container\">\n\t\t\t\t<div class=\"elementor-element elementor-element-cbd55f9 elementor-widget elementor-widget-image\" data-id=\"cbd55f9\" data-element_type=\"widget\" data-e-type=\"widget\" data-widget_type=\"image.default\">\n\t\t\t\t<div class=\"elementor-widget-container\">\n\t\t\t\t\t\t\t\t\t\t\t\t\t\t\t<img decoding=\"async\" width=\"50\" height=\"50\" src=\"https:\/\/camillebaretge.com\/wp-content\/uploads\/2023\/08\/Rond.png\" class=\"attachment-large size-large wp-image-314\" alt=\"\" srcset=\"https:\/\/camillebaretge.com\/wp-content\/uploads\/2023\/08\/Rond.png 50w, https:\/\/camillebaretge.com\/wp-content\/uploads\/2023\/08\/elementor\/thumbs\/Rond-qbmginosbhdcu120p1dxt5ozxnpqsgm2mk90ckbr6e.png 15w\" sizes=\"(max-width: 50px) 100vw, 50px\" \/>\t\t\t\t\t\t\t\t\t\t\t\t\t\t\t<\/div>\n\t\t\t\t<\/div>\n\t\t\t\t<\/div>\n\t\t<div class=\"elementor-element elementor-element-7d80364 e-con-full e-flex e-con e-child\" data-id=\"7d80364\" data-element_type=\"container\" data-e-type=\"container\">\n\t\t\t\t<div class=\"elementor-element elementor-element-54362fc elementor-widget elementor-widget-heading\" data-id=\"54362fc\" data-element_type=\"widget\" data-e-type=\"widget\" data-widget_type=\"heading.default\">\n\t\t\t\t<div class=\"elementor-widget-container\">\n\t\t\t\t\t<h2 class=\"elementor-heading-title elementor-size-default\">naming, logotype, <br>\ncr\u00e9ation de l\u2019\u00e9tiquette <br><\/h2>\t\t\t\t<\/div>\n\t\t\t\t<\/div>\n\t\t\t\t<\/div>\n\t\t\t\t\t<\/div>\n\t\t\t\t<\/div>\n\t\t\t\t<section class=\"elementor-section elementor-top-section elementor-element elementor-element-330ebdfb elementor-hidden-mobile elementor-section-boxed elementor-section-height-default elementor-section-height-default\" data-id=\"330ebdfb\" data-element_type=\"section\" data-e-type=\"section\">\n\t\t\t\t\t\t<div class=\"elementor-container elementor-column-gap-default\">\n\t\t\t\t\t<div class=\"elementor-column elementor-col-100 elementor-top-column elementor-element elementor-element-5175494f\" data-id=\"5175494f\" data-element_type=\"column\" data-e-type=\"column\">\n\t\t\t<div class=\"elementor-widget-wrap elementor-element-populated\">\n\t\t\t\t\t\t<div class=\"elementor-element elementor-element-50250828 elementor-widget__width-auto elementor-widget elementor-widget-image\" data-id=\"50250828\" data-element_type=\"widget\" data-e-type=\"widget\" data-widget_type=\"image.default\">\n\t\t\t\t<div class=\"elementor-widget-container\">\n\t\t\t\t\t\t\t\t\t\t\t\t\t\t\t<img fetchpriority=\"high\" decoding=\"async\" width=\"1196\" height=\"385\" src=\"https:\/\/camillebaretge.com\/wp-content\/uploads\/2023\/08\/api-header.png\" class=\"attachment-full size-full wp-image-594\" alt=\"\" srcset=\"https:\/\/camillebaretge.com\/wp-content\/uploads\/2023\/08\/api-header.png 1196w, https:\/\/camillebaretge.com\/wp-content\/uploads\/2023\/08\/api-header-300x97.png 300w, https:\/\/camillebaretge.com\/wp-content\/uploads\/2023\/08\/api-header-1024x330.png 1024w, https:\/\/camillebaretge.com\/wp-content\/uploads\/2023\/08\/api-header-768x247.png 768w\" sizes=\"(max-width: 1196px) 100vw, 1196px\" \/>\t\t\t\t\t\t\t\t\t\t\t\t\t\t\t<\/div>\n\t\t\t\t<\/div>\n\t\t\t\t\t<\/div>\n\t\t<\/div>\n\t\t\t\t\t<\/div>\n\t\t<\/section>\n\t\t\t\t<section class=\"elementor-section elementor-top-section elementor-element elementor-element-1cbfa8b elementor-hidden-desktop elementor-hidden-tablet elementor-section-boxed elementor-section-height-default elementor-section-height-default\" data-id=\"1cbfa8b\" data-element_type=\"section\" data-e-type=\"section\">\n\t\t\t\t\t\t<div class=\"elementor-container elementor-column-gap-default\">\n\t\t\t\t\t<div class=\"elementor-column elementor-col-25 elementor-top-column elementor-element elementor-element-93d3eae\" data-id=\"93d3eae\" data-element_type=\"column\" data-e-type=\"column\">\n\t\t\t<div class=\"elementor-widget-wrap elementor-element-populated\">\n\t\t\t\t\t\t<div class=\"elementor-element elementor-element-8e54c60 elementor-widget elementor-widget-image\" data-id=\"8e54c60\" data-element_type=\"widget\" data-e-type=\"widget\" data-widget_type=\"image.default\">\n\t\t\t\t<div class=\"elementor-widget-container\">\n\t\t\t\t\t\t\t\t\t\t\t\t\t\t\t<img decoding=\"async\" width=\"50\" height=\"50\" src=\"https:\/\/camillebaretge.com\/wp-content\/uploads\/2023\/08\/Rond.png\" class=\"attachment-large size-large wp-image-314\" alt=\"\" srcset=\"https:\/\/camillebaretge.com\/wp-content\/uploads\/2023\/08\/Rond.png 50w, https:\/\/camillebaretge.com\/wp-content\/uploads\/2023\/08\/elementor\/thumbs\/Rond-qbmginosbhdcu120p1dxt5ozxnpqsgm2mk90ckbr6e.png 15w\" sizes=\"(max-width: 50px) 100vw, 50px\" \/>\t\t\t\t\t\t\t\t\t\t\t\t\t\t\t<\/div>\n\t\t\t\t<\/div>\n\t\t\t\t\t<\/div>\n\t\t<\/div>\n\t\t\t\t<div class=\"elementor-column elementor-col-25 elementor-top-column elementor-element elementor-element-3995ce4\" data-id=\"3995ce4\" data-element_type=\"column\" data-e-type=\"column\">\n\t\t\t<div class=\"elementor-widget-wrap elementor-element-populated\">\n\t\t\t\t\t\t<div class=\"elementor-element elementor-element-d5b7ecc elementor-widget elementor-widget-heading\" data-id=\"d5b7ecc\" data-element_type=\"widget\" data-e-type=\"widget\" data-widget_type=\"heading.default\">\n\t\t\t\t<div class=\"elementor-widget-container\">\n\t\t\t\t\t<h2 class=\"elementor-heading-title elementor-size-default\">api<\/h2>\t\t\t\t<\/div>\n\t\t\t\t<\/div>\n\t\t\t\t\t<\/div>\n\t\t<\/div>\n\t\t\t\t<div class=\"elementor-column elementor-col-50 elementor-top-column elementor-element elementor-element-f038103\" data-id=\"f038103\" data-element_type=\"column\" data-e-type=\"column\">\n\t\t\t<div class=\"elementor-widget-wrap elementor-element-populated\">\n\t\t\t\t\t\t<div class=\"elementor-element elementor-element-39e5d63 elementor-widget elementor-widget-image\" data-id=\"39e5d63\" data-element_type=\"widget\" data-e-type=\"widget\" data-widget_type=\"image.default\">\n\t\t\t\t<div class=\"elementor-widget-container\">\n\t\t\t\t\t\t\t\t\t\t\t\t\t\t\t<img decoding=\"async\" width=\"50\" height=\"50\" src=\"https:\/\/camillebaretge.com\/wp-content\/uploads\/2023\/08\/Rond.png\" class=\"attachment-large size-large wp-image-314\" alt=\"\" srcset=\"https:\/\/camillebaretge.com\/wp-content\/uploads\/2023\/08\/Rond.png 50w, https:\/\/camillebaretge.com\/wp-content\/uploads\/2023\/08\/elementor\/thumbs\/Rond-qbmginosbhdcu120p1dxt5ozxnpqsgm2mk90ckbr6e.png 15w\" sizes=\"(max-width: 50px) 100vw, 50px\" \/>\t\t\t\t\t\t\t\t\t\t\t\t\t\t\t<\/div>\n\t\t\t\t<\/div>\n\t\t\t\t\t<\/div>\n\t\t<\/div>\n\t\t\t\t\t<\/div>\n\t\t<\/section>\n\t\t<div class=\"elementor-element elementor-element-b407841 elementor-hidden-desktop elementor-hidden-tablet e-flex e-con-boxed e-con e-parent\" data-id=\"b407841\" data-element_type=\"container\" data-e-type=\"container\">\n\t\t\t\t\t<div class=\"e-con-inner\">\n\t\t\t\t<div class=\"elementor-element elementor-element-31f66e0 elementor-widget elementor-widget-heading\" data-id=\"31f66e0\" data-element_type=\"widget\" data-e-type=\"widget\" data-widget_type=\"heading.default\">\n\t\t\t\t<div class=\"elementor-widget-container\">\n\t\t\t\t\t<h2 class=\"elementor-heading-title elementor-size-default\">secteur : alimentaire <br>\nmarque de miel<br>\n<br>\nnaming, logotype,  cr\u00e9ation de l\u2019\u00e9tiquette, <br>\nprojet fictif<\/h2>\t\t\t\t<\/div>\n\t\t\t\t<\/div>\n\t\t\t\t\t<\/div>\n\t\t\t\t<\/div>\n\t\t<div class=\"elementor-element elementor-element-82a617e elementor-hidden-desktop elementor-hidden-tablet e-flex e-con-boxed e-con e-parent\" data-id=\"82a617e\" data-element_type=\"container\" data-e-type=\"container\">\n\t\t\t\t\t<div class=\"e-con-inner\">\n\t\t\t\t<div class=\"elementor-element elementor-element-7aa7621 elementor-hidden-desktop elementor-hidden-tablet elementor-widget elementor-widget-image\" data-id=\"7aa7621\" data-element_type=\"widget\" data-e-type=\"widget\" data-widget_type=\"image.default\">\n\t\t\t\t<div class=\"elementor-widget-container\">\n\t\t\t\t\t\t\t\t\t\t\t\t\t\t\t<img decoding=\"async\" width=\"643\" height=\"577\" src=\"https:\/\/camillebaretge.com\/wp-content\/uploads\/2024\/01\/Group-15.png\" class=\"attachment-large size-large wp-image-1767\" alt=\"\" srcset=\"https:\/\/camillebaretge.com\/wp-content\/uploads\/2024\/01\/Group-15.png 643w, https:\/\/camillebaretge.com\/wp-content\/uploads\/2024\/01\/Group-15-300x269.png 300w\" sizes=\"(max-width: 643px) 100vw, 643px\" \/>\t\t\t\t\t\t\t\t\t\t\t\t\t\t\t<\/div>\n\t\t\t\t<\/div>\n\t\t\t\t\t<\/div>\n\t\t\t\t<\/div>\n\t\t\t\t<section class=\"elementor-section elementor-top-section elementor-element elementor-element-3217a74e elementor-section-boxed elementor-section-height-default elementor-section-height-default\" data-id=\"3217a74e\" data-element_type=\"section\" data-e-type=\"section\">\n\t\t\t\t\t\t<div class=\"elementor-container elementor-column-gap-default\">\n\t\t\t\t\t<div class=\"elementor-column elementor-col-33 elementor-top-column elementor-element elementor-element-39299627\" data-id=\"39299627\" data-element_type=\"column\" data-e-type=\"column\">\n\t\t\t<div class=\"elementor-widget-wrap elementor-element-populated\">\n\t\t\t\t\t\t<div class=\"elementor-element elementor-element-461de125 elementor-widget elementor-widget-image\" data-id=\"461de125\" data-element_type=\"widget\" data-e-type=\"widget\" data-widget_type=\"image.default\">\n\t\t\t\t<div class=\"elementor-widget-container\">\n\t\t\t\t\t\t\t\t\t\t\t\t\t\t\t<img loading=\"lazy\" decoding=\"async\" width=\"2048\" height=\"2560\" src=\"https:\/\/camillebaretge.com\/wp-content\/uploads\/2024\/09\/RS-api-02-scaled.jpg\" class=\"attachment-full size-full wp-image-1887\" alt=\"\" srcset=\"https:\/\/camillebaretge.com\/wp-content\/uploads\/2024\/09\/RS-api-02-scaled.jpg 2048w, https:\/\/camillebaretge.com\/wp-content\/uploads\/2024\/09\/RS-api-02-240x300.jpg 240w, https:\/\/camillebaretge.com\/wp-content\/uploads\/2024\/09\/RS-api-02-819x1024.jpg 819w, https:\/\/camillebaretge.com\/wp-content\/uploads\/2024\/09\/RS-api-02-768x960.jpg 768w, https:\/\/camillebaretge.com\/wp-content\/uploads\/2024\/09\/RS-api-02-1229x1536.jpg 1229w, https:\/\/camillebaretge.com\/wp-content\/uploads\/2024\/09\/RS-api-02-1638x2048.jpg 1638w\" sizes=\"(max-width: 2048px) 100vw, 2048px\" \/>\t\t\t\t\t\t\t\t\t\t\t\t\t\t\t<\/div>\n\t\t\t\t<\/div>\n\t\t\t\t\t<\/div>\n\t\t<\/div>\n\t\t\t\t<div class=\"elementor-column elementor-col-66 elementor-top-column elementor-element elementor-element-67ab72bf\" data-id=\"67ab72bf\" data-element_type=\"column\" data-e-type=\"column\">\n\t\t\t<div class=\"elementor-widget-wrap elementor-element-populated\">\n\t\t\t\t\t\t<div class=\"elementor-element elementor-element-d104510 elementor-widget elementor-widget-image\" data-id=\"d104510\" data-element_type=\"widget\" data-e-type=\"widget\" data-widget_type=\"image.default\">\n\t\t\t\t<div class=\"elementor-widget-container\">\n\t\t\t\t\t\t\t\t\t\t\t\t\t\t\t<img loading=\"lazy\" decoding=\"async\" width=\"800\" height=\"1000\" src=\"https:\/\/camillebaretge.com\/wp-content\/uploads\/2024\/09\/RS-api-03-819x1024.jpg\" class=\"attachment-large size-large wp-image-1888\" alt=\"\" srcset=\"https:\/\/camillebaretge.com\/wp-content\/uploads\/2024\/09\/RS-api-03-819x1024.jpg 819w, https:\/\/camillebaretge.com\/wp-content\/uploads\/2024\/09\/RS-api-03-240x300.jpg 240w, https:\/\/camillebaretge.com\/wp-content\/uploads\/2024\/09\/RS-api-03-768x960.jpg 768w, https:\/\/camillebaretge.com\/wp-content\/uploads\/2024\/09\/RS-api-03-scaled.jpg 2048w\" sizes=\"(max-width: 800px) 100vw, 800px\" \/>\t\t\t\t\t\t\t\t\t\t\t\t\t\t\t<\/div>\n\t\t\t\t<\/div>\n\t\t\t\t\t<\/div>\n\t\t<\/div>\n\t\t\t\t\t<\/div>\n\t\t<\/section>\n\t\t\t\t<section class=\"elementor-section elementor-top-section elementor-element elementor-element-29656cd elementor-section-boxed elementor-section-height-default elementor-section-height-default\" data-id=\"29656cd\" data-element_type=\"section\" data-e-type=\"section\">\n\t\t\t\t\t\t<div class=\"elementor-container elementor-column-gap-default\">\n\t\t\t\t\t<div class=\"elementor-column elementor-col-50 elementor-top-column elementor-element elementor-element-51c7da8\" data-id=\"51c7da8\" data-element_type=\"column\" data-e-type=\"column\">\n\t\t\t<div class=\"elementor-widget-wrap elementor-element-populated\">\n\t\t\t\t\t\t<div class=\"elementor-element elementor-element-3951c481 elementor-widget elementor-widget-text-editor\" data-id=\"3951c481\" data-element_type=\"widget\" data-e-type=\"widget\" data-widget_type=\"text-editor.default\">\n\t\t\t\t<div class=\"elementor-widget-container\">\n\t\t\t\t\t\t\t\t\t<p><a href=\"http:\/\/camillebaretge.com\/index.php\/elementor-642\/#laduchesse\"><span style=\"vertical-align: inherit;\"><span style=\"vertical-align: inherit;\"><span style=\"vertical-align: inherit;\"><span style=\"vertical-align: inherit;\"><span style=\"vertical-align: inherit;\"><span style=\"vertical-align: inherit;\">projet pr\u00e9c\u00e9dent .<\/span><\/span><\/span><\/span><\/span><\/span><\/a><\/p>\t\t\t\t\t\t\t\t<\/div>\n\t\t\t\t<\/div>\n\t\t\t\t\t<\/div>\n\t\t<\/div>\n\t\t\t\t<div class=\"elementor-column elementor-col-50 elementor-top-column elementor-element elementor-element-9fb45b9\" data-id=\"9fb45b9\" data-element_type=\"column\" data-e-type=\"column\">\n\t\t\t<div class=\"elementor-widget-wrap elementor-element-populated\">\n\t\t\t\t\t\t<div class=\"elementor-element elementor-element-03b9932 elementor-widget elementor-widget-text-editor\" data-id=\"03b9932\" data-element_type=\"widget\" data-e-type=\"widget\" data-widget_type=\"text-editor.default\">\n\t\t\t\t<div class=\"elementor-widget-container\">\n\t\t\t\t\t\t\t\t\t<p><a href=\"http:\/\/camillebaretge.com\/index.php\/projet\/\"><span style=\"vertical-align: inherit;\"><span style=\"vertical-align: inherit;\"><span style=\"vertical-align: inherit;\"><span style=\"vertical-align: inherit;\"><span style=\"vertical-align: inherit;\"><span style=\"vertical-align: inherit;\">projet suivant .<\/span><\/span><\/span><\/span><\/span><\/span><\/a><\/p>\t\t\t\t\t\t\t\t<\/div>\n\t\t\t\t<\/div>\n\t\t\t\t\t<\/div>\n\t\t<\/div>\n\t\t\t\t\t<\/div>\n\t\t<\/section>\n\t\t\t\t<\/div>\n\t\t","protected":false},"excerpt":{"rendered":"<p>secteur : alimentaire marque de miel api naming, logotype, cr\u00e9ation de l\u2019\u00e9tiquette api secteur : alimentaire marque de miel naming, logotype, cr\u00e9ation de l\u2019\u00e9tiquette, projet fictif projet pr\u00e9c\u00e9dent . projet suivant .<\/p>\n","protected":false},"author":1,"featured_media":0,"parent":0,"menu_order":0,"comment_status":"closed","ping_status":"closed","template":"elementor_header_footer","meta":{"footnotes":""},"class_list":["post-574","page","type-page","status-publish","hentry"],"yoast_head":"<!-- This site is optimized with the Yoast SEO plugin v27.4 - https:\/\/yoast.com\/product\/yoast-seo-wordpress\/ -->\n<title>Api - Miel<\/title>\n<meta name=\"description\" content=\"api, c&#039;est la marque des agriculteur respectueux du bien-\u00eatre des abeilles. Des abeilles heureuses pour un bon miel et des apiculteurs happy\" \/>\n<meta name=\"robots\" content=\"index, follow, max-snippet:-1, max-image-preview:large, max-video-preview:-1\" \/>\n<link rel=\"canonical\" href=\"https:\/\/camillebaretge.com\/index.php\/api\/\" \/>\n<meta property=\"og:locale\" content=\"fr_FR\" \/>\n<meta property=\"og:type\" content=\"article\" \/>\n<meta property=\"og:title\" content=\"Api - Miel\" \/>\n<meta property=\"og:description\" content=\"api, c&#039;est la marque des agriculteur respectueux du bien-\u00eatre des abeilles. Des abeilles heureuses pour un bon miel et des apiculteurs happy\" \/>\n<meta property=\"og:url\" content=\"https:\/\/camillebaretge.com\/index.php\/api\/\" \/>\n<meta property=\"og:site_name\" content=\"camilline\" \/>\n<meta property=\"article:modified_time\" content=\"2025-01-10T11:46:36+00:00\" \/>\n<meta property=\"og:image\" content=\"http:\/\/camillebaretge.com\/wp-content\/uploads\/2023\/08\/Rond.png\" \/>\n<meta name=\"twitter:card\" content=\"summary_large_image\" \/>\n<meta name=\"twitter:label1\" content=\"Dur\u00e9e de lecture estim\u00e9e\" \/>\n\t<meta name=\"twitter:data1\" content=\"2 minutes\" \/>\n<script type=\"application\/ld+json\" class=\"yoast-schema-graph\">{\"@context\":\"https:\\\/\\\/schema.org\",\"@graph\":[{\"@type\":\"WebPage\",\"@id\":\"https:\\\/\\\/camillebaretge.com\\\/index.php\\\/api\\\/\",\"url\":\"https:\\\/\\\/camillebaretge.com\\\/index.php\\\/api\\\/\",\"name\":\"Api - Miel\",\"isPartOf\":{\"@id\":\"https:\\\/\\\/camillebaretge.com\\\/#website\"},\"primaryImageOfPage\":{\"@id\":\"https:\\\/\\\/camillebaretge.com\\\/index.php\\\/api\\\/#primaryimage\"},\"image\":{\"@id\":\"https:\\\/\\\/camillebaretge.com\\\/index.php\\\/api\\\/#primaryimage\"},\"thumbnailUrl\":\"http:\\\/\\\/camillebaretge.com\\\/wp-content\\\/uploads\\\/2023\\\/08\\\/Rond.png\",\"datePublished\":\"2023-08-31T15:25:56+00:00\",\"dateModified\":\"2025-01-10T11:46:36+00:00\",\"description\":\"api, c'est la marque des agriculteur respectueux du bien-\u00eatre des abeilles. Des abeilles heureuses pour un bon miel et des apiculteurs happy\",\"breadcrumb\":{\"@id\":\"https:\\\/\\\/camillebaretge.com\\\/index.php\\\/api\\\/#breadcrumb\"},\"inLanguage\":\"fr-FR\",\"potentialAction\":[{\"@type\":\"ReadAction\",\"target\":[\"https:\\\/\\\/camillebaretge.com\\\/index.php\\\/api\\\/\"]}]},{\"@type\":\"ImageObject\",\"inLanguage\":\"fr-FR\",\"@id\":\"https:\\\/\\\/camillebaretge.com\\\/index.php\\\/api\\\/#primaryimage\",\"url\":\"http:\\\/\\\/camillebaretge.com\\\/wp-content\\\/uploads\\\/2023\\\/08\\\/Rond.png\",\"contentUrl\":\"http:\\\/\\\/camillebaretge.com\\\/wp-content\\\/uploads\\\/2023\\\/08\\\/Rond.png\"},{\"@type\":\"BreadcrumbList\",\"@id\":\"https:\\\/\\\/camillebaretge.com\\\/index.php\\\/api\\\/#breadcrumb\",\"itemListElement\":[{\"@type\":\"ListItem\",\"position\":1,\"name\":\"Accueil\",\"item\":\"https:\\\/\\\/camillebaretge.com\\\/\"},{\"@type\":\"ListItem\",\"position\":2,\"name\":\"Api\"}]},{\"@type\":\"WebSite\",\"@id\":\"https:\\\/\\\/camillebaretge.com\\\/#website\",\"url\":\"https:\\\/\\\/camillebaretge.com\\\/\",\"name\":\"camilline\",\"description\":\"Directrice artistique print et digital\",\"publisher\":{\"@id\":\"https:\\\/\\\/camillebaretge.com\\\/#organization\"},\"potentialAction\":[{\"@type\":\"SearchAction\",\"target\":{\"@type\":\"EntryPoint\",\"urlTemplate\":\"https:\\\/\\\/camillebaretge.com\\\/?s={search_term_string}\"},\"query-input\":{\"@type\":\"PropertyValueSpecification\",\"valueRequired\":true,\"valueName\":\"search_term_string\"}}],\"inLanguage\":\"fr-FR\"},{\"@type\":\"Organization\",\"@id\":\"https:\\\/\\\/camillebaretge.com\\\/#organization\",\"name\":\"camilline\",\"url\":\"https:\\\/\\\/camillebaretge.com\\\/\",\"logo\":{\"@type\":\"ImageObject\",\"inLanguage\":\"fr-FR\",\"@id\":\"https:\\\/\\\/camillebaretge.com\\\/#\\\/schema\\\/logo\\\/image\\\/\",\"url\":\"https:\\\/\\\/camillebaretge.com\\\/wp-content\\\/uploads\\\/2023\\\/08\\\/camilline-logo.svg\",\"contentUrl\":\"https:\\\/\\\/camillebaretge.com\\\/wp-content\\\/uploads\\\/2023\\\/08\\\/camilline-logo.svg\",\"width\":253,\"height\":39,\"caption\":\"camilline\"},\"image\":{\"@id\":\"https:\\\/\\\/camillebaretge.com\\\/#\\\/schema\\\/logo\\\/image\\\/\"}}]}<\/script>\n<!-- \/ Yoast SEO plugin. -->","yoast_head_json":{"title":"Api - Miel","description":"api, c'est la marque des agriculteur respectueux du bien-\u00eatre des abeilles. Des abeilles heureuses pour un bon miel et des apiculteurs happy","robots":{"index":"index","follow":"follow","max-snippet":"max-snippet:-1","max-image-preview":"max-image-preview:large","max-video-preview":"max-video-preview:-1"},"canonical":"https:\/\/camillebaretge.com\/index.php\/api\/","og_locale":"fr_FR","og_type":"article","og_title":"Api - Miel","og_description":"api, c'est la marque des agriculteur respectueux du bien-\u00eatre des abeilles. Des abeilles heureuses pour un bon miel et des apiculteurs happy","og_url":"https:\/\/camillebaretge.com\/index.php\/api\/","og_site_name":"camilline","article_modified_time":"2025-01-10T11:46:36+00:00","og_image":[{"url":"http:\/\/camillebaretge.com\/wp-content\/uploads\/2023\/08\/Rond.png","type":"","width":"","height":""}],"twitter_card":"summary_large_image","twitter_misc":{"Dur\u00e9e de lecture estim\u00e9e":"2 minutes"},"schema":{"@context":"https:\/\/schema.org","@graph":[{"@type":"WebPage","@id":"https:\/\/camillebaretge.com\/index.php\/api\/","url":"https:\/\/camillebaretge.com\/index.php\/api\/","name":"Api - Miel","isPartOf":{"@id":"https:\/\/camillebaretge.com\/#website"},"primaryImageOfPage":{"@id":"https:\/\/camillebaretge.com\/index.php\/api\/#primaryimage"},"image":{"@id":"https:\/\/camillebaretge.com\/index.php\/api\/#primaryimage"},"thumbnailUrl":"http:\/\/camillebaretge.com\/wp-content\/uploads\/2023\/08\/Rond.png","datePublished":"2023-08-31T15:25:56+00:00","dateModified":"2025-01-10T11:46:36+00:00","description":"api, c'est la marque des agriculteur respectueux du bien-\u00eatre des abeilles. Des abeilles heureuses pour un bon miel et des apiculteurs happy","breadcrumb":{"@id":"https:\/\/camillebaretge.com\/index.php\/api\/#breadcrumb"},"inLanguage":"fr-FR","potentialAction":[{"@type":"ReadAction","target":["https:\/\/camillebaretge.com\/index.php\/api\/"]}]},{"@type":"ImageObject","inLanguage":"fr-FR","@id":"https:\/\/camillebaretge.com\/index.php\/api\/#primaryimage","url":"http:\/\/camillebaretge.com\/wp-content\/uploads\/2023\/08\/Rond.png","contentUrl":"http:\/\/camillebaretge.com\/wp-content\/uploads\/2023\/08\/Rond.png"},{"@type":"BreadcrumbList","@id":"https:\/\/camillebaretge.com\/index.php\/api\/#breadcrumb","itemListElement":[{"@type":"ListItem","position":1,"name":"Accueil","item":"https:\/\/camillebaretge.com\/"},{"@type":"ListItem","position":2,"name":"Api"}]},{"@type":"WebSite","@id":"https:\/\/camillebaretge.com\/#website","url":"https:\/\/camillebaretge.com\/","name":"camilline","description":"Directrice artistique print et digital","publisher":{"@id":"https:\/\/camillebaretge.com\/#organization"},"potentialAction":[{"@type":"SearchAction","target":{"@type":"EntryPoint","urlTemplate":"https:\/\/camillebaretge.com\/?s={search_term_string}"},"query-input":{"@type":"PropertyValueSpecification","valueRequired":true,"valueName":"search_term_string"}}],"inLanguage":"fr-FR"},{"@type":"Organization","@id":"https:\/\/camillebaretge.com\/#organization","name":"camilline","url":"https:\/\/camillebaretge.com\/","logo":{"@type":"ImageObject","inLanguage":"fr-FR","@id":"https:\/\/camillebaretge.com\/#\/schema\/logo\/image\/","url":"https:\/\/camillebaretge.com\/wp-content\/uploads\/2023\/08\/camilline-logo.svg","contentUrl":"https:\/\/camillebaretge.com\/wp-content\/uploads\/2023\/08\/camilline-logo.svg","width":253,"height":39,"caption":"camilline"},"image":{"@id":"https:\/\/camillebaretge.com\/#\/schema\/logo\/image\/"}}]}},"_links":{"self":[{"href":"https:\/\/camillebaretge.com\/index.php\/wp-json\/wp\/v2\/pages\/574","targetHints":{"allow":["GET"]}}],"collection":[{"href":"https:\/\/camillebaretge.com\/index.php\/wp-json\/wp\/v2\/pages"}],"about":[{"href":"https:\/\/camillebaretge.com\/index.php\/wp-json\/wp\/v2\/types\/page"}],"author":[{"embeddable":true,"href":"https:\/\/camillebaretge.com\/index.php\/wp-json\/wp\/v2\/users\/1"}],"replies":[{"embeddable":true,"href":"https:\/\/camillebaretge.com\/index.php\/wp-json\/wp\/v2\/comments?post=574"}],"version-history":[{"count":78,"href":"https:\/\/camillebaretge.com\/index.php\/wp-json\/wp\/v2\/pages\/574\/revisions"}],"predecessor-version":[{"id":1910,"href":"https:\/\/camillebaretge.com\/index.php\/wp-json\/wp\/v2\/pages\/574\/revisions\/1910"}],"wp:attachment":[{"href":"https:\/\/camillebaretge.com\/index.php\/wp-json\/wp\/v2\/media?parent=574"}],"curies":[{"name":"wp","href":"https:\/\/api.w.org\/{rel}","templated":true}]}}